{"id":270,"date":"2024-07-14T23:16:19","date_gmt":"2024-07-14T21:16:19","guid":{"rendered":"https:\/\/saltimbanquesozillac.fr\/?page_id=270"},"modified":"2025-06-09T19:53:17","modified_gmt":"2025-06-09T17:53:17","slug":"saison-24-25","status":"publish","type":"page","link":"https:\/\/saltimbanquesozillac.fr\/index.php\/saison-24-25\/","title":{"rendered":"saison 24\/25"},"content":{"rendered":"\n<p>Pour 2025 la troupe va vous pr\u00e9senter&nbsp;une com\u00e9die polici\u00e8re \u00a0\u00bb de Vivien LHERAUX \u00ab&nbsp;As-tu des cacahu\u00e8tes&nbsp;\u00bb&nbsp;: Arnaud a eu le nez creux : il a mis au point un parfum r\u00e9volutionnaire, qui va changer sa vie. Il s&rsquo;attend \u00e0 une belle promotion qu\u2019il s\u2019appr\u00eate \u00e0 f\u00eater en famille. Malheureusement Le vent qui semblait souffler dans le bon sens pour lui&#8230;, tourne subitement. Au lieu d&rsquo;effluves capiteux, il apprend que son parfum exhale une odeur pestilentielle&#8230; \u00c7a sent le roussi pour lui, car ce parfum rat\u00e9 pourrait faire couler toute l&rsquo;entreprise et il voit sa patronne d\u00e9barquer chez lui pour le licencier ! \u00c7a fleure m\u00eame l&rsquo;apocalypse, car il apprend que son coll\u00e8gue est entre la vie et la mort et le voil\u00e0 soup\u00e7onn\u00e9 d&rsquo;avoir tent\u00e9 de l\u2019assassiner&#8230; Entre la police qui d\u00e9barque, la patronne qui rapplique, la famille qui p\u00e8te les plombs, la soir\u00e9e d\u2019Arnaud qui promettait d\u2019\u00eatre festive vire \u00e0 la catastrophe&nbsp;! D\u00e9lires, quiproquos, surprises s\u2019enchainent et sont r\u00e9unis pour faire de cette histoire de parfum un cocktail explosif&nbsp;!<\/p>\n\n\n\n<div class=\"wp-block-group\"><div class=\"wp-block-group__inner-container is-layout-constrained wp-block-group-is-layout-constrained\">\n<div class=\"wp-block-media-text is-stacked-on-mobile\" style=\"grid-template-columns:49% auto\"><figure class=\"wp-block-media-text__media\"><img loading=\"lazy\" decoding=\"async\" width=\"495\" height=\"700\" src=\"https:\/\/saltimbanquesozillac.fr\/wp-content\/uploads\/2024\/12\/as-tu-des-cacahuetester1.jpg\" alt=\"\" class=\"wp-image-297 size-full\" srcset=\"https:\/\/saltimbanquesozillac.fr\/wp-content\/uploads\/2024\/12\/as-tu-des-cacahuetester1.jpg 495w, https:\/\/saltimbanquesozillac.fr\/wp-content\/uploads\/2024\/12\/as-tu-des-cacahuetester1-212x300.jpg 212w\" sizes=\"auto, (max-width: 495px) 100vw, 495px\" \/><\/figure><div class=\"wp-block-media-text__content\">\n<p>Voici les dates de nos repr\u00e9sentations.Au plaisir de vous y voir<\/p>\n\n\n\n<figure class=\"wp-block-image size-large is-resized\"><img loading=\"lazy\" decoding=\"async\" width=\"725\" height=\"1024\" src=\"https:\/\/saltimbanquesozillac.fr\/wp-content\/uploads\/2025\/01\/DATES-PROGRAMME0003-725x1024.jpg\" alt=\"\" class=\"wp-image-300\" style=\"width:256px;height:auto\" srcset=\"https:\/\/saltimbanquesozillac.fr\/wp-content\/uploads\/2025\/01\/DATES-PROGRAMME0003-725x1024.jpg 725w, https:\/\/saltimbanquesozillac.fr\/wp-content\/uploads\/2025\/01\/DATES-PROGRAMME0003-212x300.jpg 212w, https:\/\/saltimbanquesozillac.fr\/wp-content\/uploads\/2025\/01\/DATES-PROGRAMME0003-768x1085.jpg 768w, https:\/\/saltimbanquesozillac.fr\/wp-content\/uploads\/2025\/01\/DATES-PROGRAMME0003-1087x1536.jpg 1087w, https:\/\/saltimbanquesozillac.fr\/wp-content\/uploads\/2025\/01\/DATES-PROGRAMME0003.jpg 1254w\" sizes=\"auto, (max-width: 725px) 100vw, 725px\" \/><\/figure>\n<\/div><\/div>\n\n\n\n<div class=\"wp-block-group\"><div class=\"wp-block-group__inner-container is-layout-constrained wp-block-group-is-layout-constrained\">\n<p>Merci&#8230;Merci&#8230; Merci aux nombreux publics venus ces 3 derniers week-ends. Merci \u00e0 l&rsquo;A.P.E de Fontaines Ozillac pour la tenue de la buvette. J&rsquo;esp\u00e8re que vous y avez tous pris plaisir. En tout cas pour nous, jouer devant un public aussi nombreux nous comble de bonheur. Nous serons \u00e0 Biron dimanche 16 f\u00e9vrier \u00e0 14h30 et samedi 22 f\u00e9vrier \u00e0 20h 30. Alors n&rsquo;h\u00e9sitez pas, venez \u00e0 nous pour rire un bon coup et \u00e9chapper l&rsquo;espace d&rsquo;un moment au train-train quotidien.<\/p>\n<\/div><\/div>\n\n\n\n<p><\/p>\n\n\n\n<p>voir extrait sur youtube avec lien suivant: (https:\/\/youtu.be\/7jt5D-jXDyk) <\/p>\n\n\n\n<figure class=\"wp-block-image size-large\"><img loading=\"lazy\" decoding=\"async\" width=\"1024\" height=\"576\" src=\"https:\/\/saltimbanquesozillac.fr\/wp-content\/uploads\/2025\/02\/Nouveau-film-6-4.Film_Instantane-1024x576.jpg\" alt=\"\" class=\"wp-image-304\" srcset=\"https:\/\/saltimbanquesozillac.fr\/wp-content\/uploads\/2025\/02\/Nouveau-film-6-4.Film_Instantane-1024x576.jpg 1024w, https:\/\/saltimbanquesozillac.fr\/wp-content\/uploads\/2025\/02\/Nouveau-film-6-4.Film_Instantane-300x169.jpg 300w, https:\/\/saltimbanquesozillac.fr\/wp-content\/uploads\/2025\/02\/Nouveau-film-6-4.Film_Instantane-768x432.jpg 768w, https:\/\/saltimbanquesozillac.fr\/wp-content\/uploads\/2025\/02\/Nouveau-film-6-4.Film_Instantane.jpg 1440w\" sizes=\"auto, (max-width: 1024px) 100vw, 1024px\" \/><\/figure>\n\n\n\n<p>\u00a0Apr\u00e8s leur repr\u00e9sentation sur Consac ce dernier dimanche les Saltimbanques Ozillac installent leur d\u00e9cor \u00e0 St Genis de Saintonge salle du cin\u00e9ma \u00ab\u00a0Le Familia\u00a0\u00bb pour deux jours le samedi 8 mars \u00e0 20h30 et le dimanche 9 mars \u00e0 14h30. Nous comptons sur vous pour venir rire et passer un agr\u00e9able moment avec nous. Pour info nous serons \u00e0 St Simon de Bordes le samedi 15 mars \u00e0 20h30.<\/p>\n<p>Un aper\u00e7u de la pi\u00e8ce sur YouTube\u00a0: <a href=\"https:\/\/youtu.be\/nrozFk-MsrA\">https:\/\/youtu.be\/nrozFk-MsrA<\/a><\/p>\n<p>Site internet\u00a0: <u>saltimbanquesozillac.fr<\/u><\/p>\n\n\n\n<figure class=\"wp-block-image size-large\"><img loading=\"lazy\" decoding=\"async\" width=\"1024\" height=\"478\" src=\"https:\/\/saltimbanquesozillac.fr\/wp-content\/uploads\/2025\/06\/YCDN6482-1024x478.jpg\" alt=\"\" class=\"wp-image-316\" srcset=\"https:\/\/saltimbanquesozillac.fr\/wp-content\/uploads\/2025\/06\/YCDN6482-1024x478.jpg 1024w, https:\/\/saltimbanquesozillac.fr\/wp-content\/uploads\/2025\/06\/YCDN6482-300x140.jpg 300w, https:\/\/saltimbanquesozillac.fr\/wp-content\/uploads\/2025\/06\/YCDN6482-768x359.jpg 768w, https:\/\/saltimbanquesozillac.fr\/wp-content\/uploads\/2025\/06\/YCDN6482-1536x717.jpg 1536w, https:\/\/saltimbanquesozillac.fr\/wp-content\/uploads\/2025\/06\/YCDN6482-1568x732.jpg 1568w, https:\/\/saltimbanquesozillac.fr\/wp-content\/uploads\/2025\/06\/YCDN6482.jpg 2000w\" sizes=\"auto, (max-width: 1024px) 100vw, 1024px\" \/><\/figure>\n\n\n\n<details class=\"wp-block-details is-layout-flow wp-block-details-is-layout-flow\"><summary>L&rsquo;ann\u00e9e th\u00e9\u00e2trale 24\/25 s&rsquo;est termin\u00e9e par notre voyage de fin de saison. Nous venons de l&rsquo;effectuer dans le Maine-et-Loire avec le soleil et dans deux sites magnifiques que sont le parc oriental de Maul\u00e9vrier et le Bioparc de Dou\u00e9-la-Fontaine. Apr\u00e8s plusieurs mois pass\u00e9s ensemble il est bon de faire un break mais nous sommes triste de ne plus vous entendre manifester votre joie. Merci \u00e0 vous public.  Vos rires nous sont all\u00e9s droit au c\u0153ur. Mais on se retrouvera bient\u00f4t pour une nouvelle saison. Nous sommes \u00e0 la recherche d&rsquo;une nouvelle pi\u00e8ce que nous allons travailler d\u00e8s le 15\/09. Merci \u00e0 la commune d&rsquo;Ozillac, \u00e0 tous les comit\u00e9s, associations ou communes qui nous ont accueillis et merci \u00e0 tous les membres de la troupe, acteurs ou b\u00e9n\u00e9voles, pour leur engagement et leur s\u00e9rieux.    <\/summary>\n<p><\/p>\n\n\n\n<div style=\"height:109px\" aria-hidden=\"true\" class=\"wp-block-spacer\"><\/div>\n<\/details>\n\n\n\n<figure class=\"wp-block-image size-large\"><img loading=\"lazy\" decoding=\"async\" width=\"1024\" height=\"576\" src=\"https:\/\/saltimbanquesozillac.fr\/wp-content\/uploads\/2025\/06\/CUDK2275-1024x576.jpg\" alt=\"\" class=\"wp-image-317\" srcset=\"https:\/\/saltimbanquesozillac.fr\/wp-content\/uploads\/2025\/06\/CUDK2275-1024x576.jpg 1024w, https:\/\/saltimbanquesozillac.fr\/wp-content\/uploads\/2025\/06\/CUDK2275-300x169.jpg 300w, https:\/\/saltimbanquesozillac.fr\/wp-content\/uploads\/2025\/06\/CUDK2275-768x432.jpg 768w, https:\/\/saltimbanquesozillac.fr\/wp-content\/uploads\/2025\/06\/CUDK2275-1536x864.jpg 1536w, https:\/\/saltimbanquesozillac.fr\/wp-content\/uploads\/2025\/06\/CUDK2275-1568x882.jpg 1568w, https:\/\/saltimbanquesozillac.fr\/wp-content\/uploads\/2025\/06\/CUDK2275.jpg 1600w\" sizes=\"auto, (max-width: 1024px) 100vw, 1024px\" \/><\/figure>\n\n\n\n<div class=\"wp-block-columns is-layout-flex wp-container-core-columns-is-layout-9d6595d7 wp-block-columns-is-layout-flex\">\n<div class=\"wp-block-column is-layout-flow wp-block-column-is-layout-flow\" style=\"flex-basis:100%\">\n<div class=\"wp-block-columns is-layout-flex wp-container-core-columns-is-layout-9d6595d7 wp-block-columns-is-layout-flex\">\n<div class=\"wp-block-column is-layout-flow wp-block-column-is-layout-flow\" style=\"flex-basis:100%\">\n<details class=\"wp-block-details is-layout-flow wp-block-details-is-layout-flow\"><summary><\/summary>\n<figure class=\"wp-block-image size-large\"><img loading=\"lazy\" decoding=\"async\" width=\"1024\" height=\"768\" src=\"https:\/\/saltimbanquesozillac.fr\/wp-content\/uploads\/2025\/06\/IMG_3516-1024x768.jpg\" alt=\"\" class=\"wp-image-318\" srcset=\"https:\/\/saltimbanquesozillac.fr\/wp-content\/uploads\/2025\/06\/IMG_3516-1024x768.jpg 1024w, https:\/\/saltimbanquesozillac.fr\/wp-content\/uploads\/2025\/06\/IMG_3516-300x225.jpg 300w, https:\/\/saltimbanquesozillac.fr\/wp-content\/uploads\/2025\/06\/IMG_3516-768x576.jpg 768w, https:\/\/saltimbanquesozillac.fr\/wp-content\/uploads\/2025\/06\/IMG_3516-1536x1152.jpg 1536w, https:\/\/saltimbanquesozillac.fr\/wp-content\/uploads\/2025\/06\/IMG_3516-2048x1536.jpg 2048w, https:\/\/saltimbanquesozillac.fr\/wp-content\/uploads\/2025\/06\/IMG_3516-1568x1176.jpg 1568w\" sizes=\"auto, (max-width: 1024px) 100vw, 1024px\" \/><\/figure>\n<\/details>\n\n\n\n<figure class=\"wp-block-image size-large\"><img loading=\"lazy\" decoding=\"async\" width=\"1024\" height=\"768\" src=\"https:\/\/saltimbanquesozillac.fr\/wp-content\/uploads\/2025\/06\/IMG_3521-1024x768.jpg\" alt=\"\" class=\"wp-image-320\" srcset=\"https:\/\/saltimbanquesozillac.fr\/wp-content\/uploads\/2025\/06\/IMG_3521-1024x768.jpg 1024w, https:\/\/saltimbanquesozillac.fr\/wp-content\/uploads\/2025\/06\/IMG_3521-300x225.jpg 300w, https:\/\/saltimbanquesozillac.fr\/wp-content\/uploads\/2025\/06\/IMG_3521-768x576.jpg 768w, https:\/\/saltimbanquesozillac.fr\/wp-content\/uploads\/2025\/06\/IMG_3521-1536x1152.jpg 1536w, https:\/\/saltimbanquesozillac.fr\/wp-content\/uploads\/2025\/06\/IMG_3521-2048x1536.jpg 2048w, https:\/\/saltimbanquesozillac.fr\/wp-content\/uploads\/2025\/06\/IMG_3521-1568x1176.jpg 1568w\" sizes=\"auto, (max-width: 1024px) 100vw, 1024px\" \/><\/figure>\n\n\n\n<figure class=\"wp-block-image size-large\"><img loading=\"lazy\" decoding=\"async\" width=\"1024\" height=\"768\" src=\"https:\/\/saltimbanquesozillac.fr\/wp-content\/uploads\/2025\/06\/IMG_3516-2-1024x768.jpg\" alt=\"\" class=\"wp-image-321\" srcset=\"https:\/\/saltimbanquesozillac.fr\/wp-content\/uploads\/2025\/06\/IMG_3516-2-1024x768.jpg 1024w, https:\/\/saltimbanquesozillac.fr\/wp-content\/uploads\/2025\/06\/IMG_3516-2-300x225.jpg 300w, https:\/\/saltimbanquesozillac.fr\/wp-content\/uploads\/2025\/06\/IMG_3516-2-768x576.jpg 768w, https:\/\/saltimbanquesozillac.fr\/wp-content\/uploads\/2025\/06\/IMG_3516-2-1536x1152.jpg 1536w, https:\/\/saltimbanquesozillac.fr\/wp-content\/uploads\/2025\/06\/IMG_3516-2-2048x1536.jpg 2048w, https:\/\/saltimbanquesozillac.fr\/wp-content\/uploads\/2025\/06\/IMG_3516-2-1568x1176.jpg 1568w\" sizes=\"auto, (max-width: 1024px) 100vw, 1024px\" \/><\/figure>\n<\/div>\n<\/div>\n<\/div>\n<\/div>\n\n\n\n<div style=\"height:0px\" aria-hidden=\"true\" class=\"wp-block-spacer\"><\/div>\n\n\n\n<div style=\"height:100px\" aria-hidden=\"true\" class=\"wp-block-spacer\"><\/div>\n<\/div><\/div>\n\n\n\n<details class=\"wp-block-details is-layout-flow wp-block-details-is-layout-flow\"><summary><\/summary>\n<p><\/p>\n<\/details>\n\n\n\n<p><\/p>\n\n\n\n<p><\/p>\n\n\n","protected":false},"excerpt":{"rendered":"<p>Pour 2025 la troupe va vous pr\u00e9senter&nbsp;une com\u00e9die polici\u00e8re \u00a0\u00bb de Vivien LHERAUX \u00ab&nbsp;As-tu des cacahu\u00e8tes&nbsp;\u00bb&nbsp;: Arnaud a eu le nez creux : il a mis au point un parfum r\u00e9volutionnaire, qui va changer sa vie. Il s&rsquo;attend \u00e0 une belle promotion qu\u2019il s\u2019appr\u00eate \u00e0 f\u00eater en famille. Malheureusement Le vent qui semblait souffler dans&hellip; <a class=\"more-link\" href=\"https:\/\/saltimbanquesozillac.fr\/index.php\/saison-24-25\/\">Poursuivre la lecture <span class=\"screen-reader-text\">saison 24\/25<\/span><\/a><\/p>\n","protected":false},"author":1,"featured_media":0,"parent":0,"menu_order":0,"comment_status":"closed","ping_status":"closed","template":"","meta":{"footnotes":""},"class_list":["post-270","page","type-page","status-publish","hentry","entry"],"_links":{"self":[{"href":"https:\/\/saltimbanquesozillac.fr\/index.php\/wp-json\/wp\/v2\/pages\/270","targetHints":{"allow":["GET"]}}],"collection":[{"href":"https:\/\/saltimbanquesozillac.fr\/index.php\/wp-json\/wp\/v2\/pages"}],"about":[{"href":"https:\/\/saltimbanquesozillac.fr\/index.php\/wp-json\/wp\/v2\/types\/page"}],"author":[{"embeddable":true,"href":"https:\/\/saltimbanquesozillac.fr\/index.php\/wp-json\/wp\/v2\/users\/1"}],"replies":[{"embeddable":true,"href":"https:\/\/saltimbanquesozillac.fr\/index.php\/wp-json\/wp\/v2\/comments?post=270"}],"version-history":[{"count":12,"href":"https:\/\/saltimbanquesozillac.fr\/index.php\/wp-json\/wp\/v2\/pages\/270\/revisions"}],"predecessor-version":[{"id":322,"href":"https:\/\/saltimbanquesozillac.fr\/index.php\/wp-json\/wp\/v2\/pages\/270\/revisions\/322"}],"wp:attachment":[{"href":"https:\/\/saltimbanquesozillac.fr\/index.php\/wp-json\/wp\/v2\/media?parent=270"}],"curies":[{"name":"wp","href":"https:\/\/api.w.org\/{rel}","templated":true}]}}