{"id":336,"date":"2025-07-06T21:07:24","date_gmt":"2025-07-06T19:07:24","guid":{"rendered":"https:\/\/saltimbanquesozillac.fr\/?page_id=336"},"modified":"2026-02-17T19:36:24","modified_gmt":"2026-02-17T18:36:24","slug":"saison-25-26","status":"publish","type":"page","link":"https:\/\/saltimbanquesozillac.fr\/index.php\/saison-25-26\/","title":{"rendered":"saison 25\/26"},"content":{"rendered":"\n<p>&nbsp;Bonjour \u00e0 tous, \u00c7a y est les Saltimbanques sont repartis pour la saison 25-26. Ils ont fait leur choix. Une fois de plus, la troupe a d\u00e9cid\u00e9 de mettre en sc\u00e8ne une com\u00e9die, \u00ab&nbsp;<em>Pochettes surprises&nbsp;\u00bb <\/em>de Jacky Goupil. Nous voulons distraire le public, le voir sourire et m\u00eame l\u2019entendre rire, c\u2019est notre r\u00e9compense d\u2019acteurs. Nous nous d\u00e9marquons de la sc\u00e8ne culturelle par la l\u00e9g\u00e8ret\u00e9 des textes choisis. Nous voulons passer un moment de rigolade et le partager. Nous aimons cette \u00e9nergie que nous apportent les r\u00e9p\u00e9titions et les repr\u00e9sentations. Nous avouons adorer d\u00e9clencher les rires des spectateurs, ce plaisir est notre motivation premi\u00e8re.<\/p>\n\n\n\n<p>&nbsp;Cette com\u00e9die, en d\u00e9pit de sa l\u00e9g\u00e8ret\u00e9, est une r\u00e9flexion sur l\u2019app\u00e2t du gain et sur les exc\u00e8s qu\u2019il engendre. Le synopsis est simple&nbsp;: Pour No\u00ebl, comme tous les ans, Romain offre \u00e0 ses amis des tickets de jeu \u00e0 gratter. Mais cette ann\u00e9e, il y a un gagnant. De quelles ruses vont user les plus malchanceux pour r\u00e9cup\u00e9rer une partie de la somme tomb\u00e9e tout d&rsquo;un coup dans la poche de l\u2019un d&rsquo;entre eux ? Les amiti\u00e9s r\u00e9sisteront-elles \u00e0 l&rsquo;app\u00e2t du gain ? Et vous, que feriez-vous ? Si un de vos amis gagnait le gros lot, \u00e7a ne vous \u00e9nerverait pas un petit peu ?<\/p>\n\n\n\n<figure class=\"wp-block-gallery has-nested-images columns-default is-cropped wp-block-gallery-1 is-layout-flex wp-block-gallery-is-layout-flex\">\n<figure class=\"wp-block-image size-large is-resized\"><img loading=\"lazy\" decoding=\"async\" width=\"741\" height=\"1024\" data-id=\"361\" src=\"https:\/\/saltimbanquesozillac.fr\/wp-content\/uploads\/2026\/02\/calendrier2026-741x1024.jpg\" alt=\"\" class=\"wp-image-361\" style=\"width:266px;height:auto\" srcset=\"https:\/\/saltimbanquesozillac.fr\/wp-content\/uploads\/2026\/02\/calendrier2026-741x1024.jpg 741w, https:\/\/saltimbanquesozillac.fr\/wp-content\/uploads\/2026\/02\/calendrier2026-217x300.jpg 217w, https:\/\/saltimbanquesozillac.fr\/wp-content\/uploads\/2026\/02\/calendrier2026-768x1061.jpg 768w, https:\/\/saltimbanquesozillac.fr\/wp-content\/uploads\/2026\/02\/calendrier2026-1112x1536.jpg 1112w, https:\/\/saltimbanquesozillac.fr\/wp-content\/uploads\/2026\/02\/calendrier2026-1483x2048.jpg 1483w, https:\/\/saltimbanquesozillac.fr\/wp-content\/uploads\/2026\/02\/calendrier2026-1568x2165.jpg 1568w, https:\/\/saltimbanquesozillac.fr\/wp-content\/uploads\/2026\/02\/calendrier2026-scaled.jpg 1854w\" sizes=\"auto, (max-width: 741px) 100vw, 741px\" \/><\/figure>\n\n\n\n<figure class=\"wp-block-image size-full is-resized\"><img loading=\"lazy\" decoding=\"async\" width=\"517\" height=\"759\" data-id=\"362\" src=\"https:\/\/saltimbanquesozillac.fr\/wp-content\/uploads\/2026\/02\/PUB-THEATRE-OZILLAC-bis-bis-26-rotated.jpg\" alt=\"\" class=\"wp-image-362\" style=\"width:245px;height:auto\" srcset=\"https:\/\/saltimbanquesozillac.fr\/wp-content\/uploads\/2026\/02\/PUB-THEATRE-OZILLAC-bis-bis-26-rotated.jpg 517w, https:\/\/saltimbanquesozillac.fr\/wp-content\/uploads\/2026\/02\/PUB-THEATRE-OZILLAC-bis-bis-26-204x300.jpg 204w\" sizes=\"auto, (max-width: 517px) 100vw, 517px\" \/><\/figure>\n<\/figure>\n\n\n\n<p>Nous vous remercions pour votre pr\u00e9sence en 2025 et vous adressons nos v\u0153ux les plus chaleureux pour 2026. Nous vous souhaitons de bons moments en famille ou entre amis, que le bonheur accompagne votre chemin, que la sant\u00e9 \u00e9claire votre route. A bient\u00f4t pour de belles retrouvailles en 2026 avec cette pi\u00e8ce dr\u00f4le, dynamique, \u00e9tonnante, originale et tellement vraie&nbsp;! Nous esp\u00e9rons vous entrainer sur la pente savonneuse du rire et vous souhaitons nombreux au cours de la saison pour partager ce moment convivial et divertissant.<\/p>\n\n\n\n<figure class=\"wp-block-image size-large\"><img loading=\"lazy\" decoding=\"async\" width=\"1024\" height=\"517\" src=\"https:\/\/saltimbanquesozillac.fr\/wp-content\/uploads\/2026\/02\/AutoSave-2.Movie_Instantanebis-1024x517.jpg\" alt=\"\" class=\"wp-image-363\" srcset=\"https:\/\/saltimbanquesozillac.fr\/wp-content\/uploads\/2026\/02\/AutoSave-2.Movie_Instantanebis-1024x517.jpg 1024w, https:\/\/saltimbanquesozillac.fr\/wp-content\/uploads\/2026\/02\/AutoSave-2.Movie_Instantanebis-300x152.jpg 300w, https:\/\/saltimbanquesozillac.fr\/wp-content\/uploads\/2026\/02\/AutoSave-2.Movie_Instantanebis-768x388.jpg 768w, https:\/\/saltimbanquesozillac.fr\/wp-content\/uploads\/2026\/02\/AutoSave-2.Movie_Instantanebis.jpg 1362w\" sizes=\"auto, (max-width: 1024px) 100vw, 1024px\" \/><\/figure>\n\n\n\n<figure class=\"wp-block-image size-large\"><img loading=\"lazy\" decoding=\"async\" width=\"1024\" height=\"768\" src=\"https:\/\/saltimbanquesozillac.fr\/wp-content\/uploads\/2026\/02\/WGRD4992-1024x768.jpg\" alt=\"\" class=\"wp-image-364\" srcset=\"https:\/\/saltimbanquesozillac.fr\/wp-content\/uploads\/2026\/02\/WGRD4992-1024x768.jpg 1024w, https:\/\/saltimbanquesozillac.fr\/wp-content\/uploads\/2026\/02\/WGRD4992-300x225.jpg 300w, https:\/\/saltimbanquesozillac.fr\/wp-content\/uploads\/2026\/02\/WGRD4992-768x576.jpg 768w, https:\/\/saltimbanquesozillac.fr\/wp-content\/uploads\/2026\/02\/WGRD4992-1536x1152.jpg 1536w, https:\/\/saltimbanquesozillac.fr\/wp-content\/uploads\/2026\/02\/WGRD4992-1568x1176.jpg 1568w, https:\/\/saltimbanquesozillac.fr\/wp-content\/uploads\/2026\/02\/WGRD4992.jpg 1600w\" sizes=\"auto, (max-width: 1024px) 100vw, 1024px\" \/><\/figure>\n\n\n\n<p><\/p>\n\n\n\n<p>A Ozillac les samedis 24 et 31 janvier et le dimanche 1<sup>er<\/sup> f\u00e9vrier les rires \u00e9taient au rendez-vous. Dans la salle des f\u00eates les Saltimbanques y jouaient la premi\u00e8re de leur tourn\u00e9e 2026 et plus de 300 personnes sont venues assister \u00e0 l\u2019interpr\u00e9tation de cette pi\u00e8ce de Jacky Goupil , une com\u00e9die traitant un sujet grave de fa\u00e7on comique.&nbsp; Merci aux com\u00e9diens qui ont su provoquer les sourires, m\u00eame les rires, merci aux spectateurs d\u2019\u00eatre venu partager avec nous ces moments chaleureux et divertissants. Merci aussi \u00e0 tous nos aidants.&nbsp;Venez assister \u00e0 une de nos prochaines occasions pour rire sur cette com\u00e9die et oublier les soucis de la vie. A Consac ce week-end et \u00e0 Biron le week-end prochain. Voir dates ci dessus <\/p>\n\n\n\n<figure class=\"wp-block-image size-large\"><img loading=\"lazy\" decoding=\"async\" width=\"1024\" height=\"569\" src=\"https:\/\/saltimbanquesozillac.fr\/wp-content\/uploads\/2026\/02\/AutoSave-3.Movie_Instantane-1024x569.jpg\" alt=\"\" class=\"wp-image-367\" srcset=\"https:\/\/saltimbanquesozillac.fr\/wp-content\/uploads\/2026\/02\/AutoSave-3.Movie_Instantane-1024x569.jpg 1024w, https:\/\/saltimbanquesozillac.fr\/wp-content\/uploads\/2026\/02\/AutoSave-3.Movie_Instantane-300x167.jpg 300w, https:\/\/saltimbanquesozillac.fr\/wp-content\/uploads\/2026\/02\/AutoSave-3.Movie_Instantane-768x427.jpg 768w, https:\/\/saltimbanquesozillac.fr\/wp-content\/uploads\/2026\/02\/AutoSave-3.Movie_Instantane.jpg 1219w\" sizes=\"auto, (max-width: 1024px) 100vw, 1024px\" \/><\/figure>\n\n\n\n<p><\/p>\n\n\n\n<p>Apr\u00e8s notre repr\u00e9sentation de Biron ou selon les dires d&rsquo;un spectateur nous avons egayer une journ\u00e9\u00e9 tr\u00e8s pluvieuse et ou beaucoup de personnes se sont r\u00e9gal\u00e9es du spectacle nous serons ce samedi 21 f\u00e9vrier 14h 30 \u00e0 Soubise avant de revenir le week-end suivant \u00e0 St Genis de Saintonge et nous comptons bien vous distraire et vous faire oublier, si ce n&rsquo;est le mauvais temps, les soucis de la vie. Nous vous attendons nombreux  <\/p>\n\n\n\n<p>Attention: La date de repr\u00e9sentation sur Mortagne sera le samedi 22 mars \u00e0 14h 30<\/p>\n\n\n\n<p><\/p>\n","protected":false},"excerpt":{"rendered":"<p>&nbsp;Bonjour \u00e0 tous, \u00c7a y est les Saltimbanques sont repartis pour la saison 25-26. Ils ont fait leur choix. Une fois de plus, la troupe a d\u00e9cid\u00e9 de mettre en sc\u00e8ne une com\u00e9die, \u00ab&nbsp;Pochettes surprises&nbsp;\u00bb de Jacky Goupil. Nous voulons distraire le public, le voir sourire et m\u00eame l\u2019entendre rire, c\u2019est notre r\u00e9compense d\u2019acteurs. Nous&hellip; <a class=\"more-link\" href=\"https:\/\/saltimbanquesozillac.fr\/index.php\/saison-25-26\/\">Poursuivre la lecture <span class=\"screen-reader-text\">saison 25\/26<\/span><\/a><\/p>\n","protected":false},"author":1,"featured_media":0,"parent":0,"menu_order":0,"comment_status":"closed","ping_status":"closed","template":"","meta":{"footnotes":""},"class_list":["post-336","page","type-page","status-publish","hentry","entry"],"_links":{"self":[{"href":"https:\/\/saltimbanquesozillac.fr\/index.php\/wp-json\/wp\/v2\/pages\/336","targetHints":{"allow":["GET"]}}],"collection":[{"href":"https:\/\/saltimbanquesozillac.fr\/index.php\/wp-json\/wp\/v2\/pages"}],"about":[{"href":"https:\/\/saltimbanquesozillac.fr\/index.php\/wp-json\/wp\/v2\/types\/page"}],"author":[{"embeddable":true,"href":"https:\/\/saltimbanquesozillac.fr\/index.php\/wp-json\/wp\/v2\/users\/1"}],"replies":[{"embeddable":true,"href":"https:\/\/saltimbanquesozillac.fr\/index.php\/wp-json\/wp\/v2\/comments?post=336"}],"version-history":[{"count":4,"href":"https:\/\/saltimbanquesozillac.fr\/index.php\/wp-json\/wp\/v2\/pages\/336\/revisions"}],"predecessor-version":[{"id":368,"href":"https:\/\/saltimbanquesozillac.fr\/index.php\/wp-json\/wp\/v2\/pages\/336\/revisions\/368"}],"wp:attachment":[{"href":"https:\/\/saltimbanquesozillac.fr\/index.php\/wp-json\/wp\/v2\/media?parent=336"}],"curies":[{"name":"wp","href":"https:\/\/api.w.org\/{rel}","templated":true}]}}