{"id":83,"date":"2023-08-03T22:19:25","date_gmt":"2023-08-03T20:19:25","guid":{"rendered":"https:\/\/saltimbanquesozillac.fr\/?page_id=83"},"modified":"2024-07-14T16:55:44","modified_gmt":"2024-07-14T14:55:44","slug":"accueil","status":"publish","type":"page","link":"https:\/\/saltimbanquesozillac.fr\/","title":{"rendered":"Accueil"},"content":{"rendered":"\n<figure class=\"wp-block-image size-full\"><img loading=\"lazy\" decoding=\"async\" width=\"895\" height=\"593\" src=\"https:\/\/saltimbanquesozillac.fr\/wp-content\/uploads\/2023\/08\/page-accueil.jpg\" alt=\"\" class=\"wp-image-86\" srcset=\"https:\/\/saltimbanquesozillac.fr\/wp-content\/uploads\/2023\/08\/page-accueil.jpg 895w, https:\/\/saltimbanquesozillac.fr\/wp-content\/uploads\/2023\/08\/page-accueil-300x199.jpg 300w, https:\/\/saltimbanquesozillac.fr\/wp-content\/uploads\/2023\/08\/page-accueil-768x509.jpg 768w\" sizes=\"auto, (max-width: 895px) 100vw, 895px\" \/><\/figure>\n\n\n\n<p><\/p>\n\n\n\n<figure class=\"wp-block-image size-large\"><img loading=\"lazy\" decoding=\"async\" width=\"1024\" height=\"577\" src=\"https:\/\/saltimbanquesozillac.fr\/wp-content\/uploads\/2023\/08\/2023-jonzac-2-1024x577.jpg\" alt=\"\" class=\"wp-image-87\" srcset=\"https:\/\/saltimbanquesozillac.fr\/wp-content\/uploads\/2023\/08\/2023-jonzac-2-1024x577.jpg 1024w, https:\/\/saltimbanquesozillac.fr\/wp-content\/uploads\/2023\/08\/2023-jonzac-2-300x169.jpg 300w, https:\/\/saltimbanquesozillac.fr\/wp-content\/uploads\/2023\/08\/2023-jonzac-2-768x432.jpg 768w, https:\/\/saltimbanquesozillac.fr\/wp-content\/uploads\/2023\/08\/2023-jonzac-2-1536x865.jpg 1536w, https:\/\/saltimbanquesozillac.fr\/wp-content\/uploads\/2023\/08\/2023-jonzac-2-1568x883.jpg 1568w, https:\/\/saltimbanquesozillac.fr\/wp-content\/uploads\/2023\/08\/2023-jonzac-2.jpg 1600w\" sizes=\"auto, (max-width: 1024px) 100vw, 1024px\" \/><\/figure>\n\n\n\n<p>La Troupe des Saltimbanques est une troupe de th\u00e9\u00e2tre amateur de Charente-Maritime qui existe depuis plus de 50 ans. Elle fut cr\u00e9er pour occuper les enfants d&rsquo;OZILLAC et leurs amis pendant les week-ends.<\/p>\n\n\n\n<p>C&rsquo;est une \u00e9quipe conviviale compos\u00e9e de personnes d\u2019Ozillac et des environs, de tous horizons qui travaille tous les ans \u00e0 la pr\u00e9paration d&rsquo;une nouvelle pi\u00e8ce,&nbsp;essentiellement des com\u00e9dies. En 2023, nous avons jou\u00e9 \u00ab\u00a0Et surtout pour le pire\u00a0\u00bb de Viviane Tardivel. En 2024, ce fut \u00ab&nbsp;A la belle Normande&nbsp;\u00bb de Jean Pierre Mourice. Pour 2025 la troupe va vous pr\u00e9senter&nbsp;une com\u00e9die polici\u00e8re \u00a0\u00bb de Vivien Lh\u00e9raux. D\u00e9lires, quiproquos, surprises&#8230; seront la composition de ce cocktail explosif !<\/p>\n\n\n\n<p>Notre troupe compte une vingtaine de membres, tous b\u00e9n\u00e9voles o\u00f9 chacun assume son poste parfaitement (les acteurs destin\u00e9s \u00e0 se produire sur les planches, une solide \u00e9quipe technique assez ing\u00e9nieuse pour construire tous les d\u00e9cors et penser les effets sp\u00e9ciaux, les petites mains tr\u00e8s utiles pour l\u2019intendance (pr\u00e9paration et mise en place de salle, tenues, entr\u00e9es, distribution des programmes\u2026)<\/p>\n\n\n\n<p>Nous tenons \u00e0 tous les remercier de leur travail effectu\u00e9 dans la bonne humeur avec l\u2019implication et le s\u00e9rieux exig\u00e9s pour vous pr\u00e9senter des spectacles de qualit\u00e9.<\/p>\n\n\n\n<p>Comme chaque association, notre ambition est d&rsquo;accueillir de nouveaux membres, acteurs, techniciens qui souhaiteraient s\u2019investir et donner de leur temps dans une ambiance tr\u00e8s chaleureuse.<\/p>\n\n\n\n<p>Faites-vous conna\u00eetre en utilisant notre site internet&nbsp;: saltimbanquesozillac.fr, notre page Facebook ou le t\u00e9l\u00e9phone. Vous serez les bienvenus.<\/p>\n\n\n<p>Pour contacter la troupe:<\/p>\n<p><!-- \/wp:post-content --><!-- wp:paragraph --><\/p>\n<p>Mr Guibert Serge\u00a0 , tel : 06-07-50-08-77\u00a0 adresse e-mail:<br \/>guiberts2@orange.fr<\/p>\n<p><!-- \/wp:paragraph --><!-- wp:paragraph --><\/p>\n<p>https:\/\/facebook.com\/profile.php?id=100085630517372<\/p>\n<p><!-- \/wp:paragraph --><!-- wp:paragraph --><\/p>\n<p><!-- \/wp:paragraph --><\/p>\n<p><!-- wp:paragraph --><\/p>\n<p><!-- \/wp:paragraph --><\/p>\n<p><!-- wp:paragraph --><\/p>\n<p><!-- \/wp:paragraph --><\/p>\n\n<!-- wp:paragraph -->\n<p><\/p>\n<!-- \/wp:paragraph -->","protected":false},"excerpt":{"rendered":"<p>La Troupe des Saltimbanques est une troupe de th\u00e9\u00e2tre amateur de Charente-Maritime qui existe depuis plus de 50 ans. Elle fut cr\u00e9er pour occuper les enfants d&rsquo;OZILLAC et leurs amis pendant les week-ends. C&rsquo;est une \u00e9quipe conviviale compos\u00e9e de personnes d\u2019Ozillac et des environs, de tous horizons qui travaille tous les ans \u00e0 la pr\u00e9paration&hellip; <a class=\"more-link\" href=\"https:\/\/saltimbanquesozillac.fr\/\">Poursuivre la lecture <span class=\"screen-reader-text\">Accueil<\/span><\/a><\/p>\n","protected":false},"author":1,"featured_media":0,"parent":0,"menu_order":0,"comment_status":"closed","ping_status":"closed","template":"","meta":{"footnotes":""},"class_list":["post-83","page","type-page","status-publish","hentry","entry"],"_links":{"self":[{"href":"https:\/\/saltimbanquesozillac.fr\/index.php\/wp-json\/wp\/v2\/pages\/83","targetHints":{"allow":["GET"]}}],"collection":[{"href":"https:\/\/saltimbanquesozillac.fr\/index.php\/wp-json\/wp\/v2\/pages"}],"about":[{"href":"https:\/\/saltimbanquesozillac.fr\/index.php\/wp-json\/wp\/v2\/types\/page"}],"author":[{"embeddable":true,"href":"https:\/\/saltimbanquesozillac.fr\/index.php\/wp-json\/wp\/v2\/users\/1"}],"replies":[{"embeddable":true,"href":"https:\/\/saltimbanquesozillac.fr\/index.php\/wp-json\/wp\/v2\/comments?post=83"}],"version-history":[{"count":9,"href":"https:\/\/saltimbanquesozillac.fr\/index.php\/wp-json\/wp\/v2\/pages\/83\/revisions"}],"predecessor-version":[{"id":343,"href":"https:\/\/saltimbanquesozillac.fr\/index.php\/wp-json\/wp\/v2\/pages\/83\/revisions\/343"}],"wp:attachment":[{"href":"https:\/\/saltimbanquesozillac.fr\/index.php\/wp-json\/wp\/v2\/media?parent=83"}],"curies":[{"name":"wp","href":"https:\/\/api.w.org\/{rel}","templated":true}]}}